{"id":1339,"date":"2022-04-19T10:41:45","date_gmt":"2022-04-19T10:41:45","guid":{"rendered":"http:\/\/btrvent.com\/?post_type=product&#038;p=1339"},"modified":"2022-04-19T10:56:27","modified_gmt":"2022-04-19T10:56:27","slug":"yer-lineer-menfezi","status":"publish","type":"product","link":"http:\/\/btrvent.com\/?product=yer-lineer-menfezi","title":{"rendered":"Yer Lineer Menfezi"},"content":{"rendered":"<p>* HYLM : Yer Lineer Menfezi<\/p>\n<p>\u2013 Y\u00fckseltilmi\u015f d\u00f6\u015feme uygulamas\u0131 yap\u0131lm\u0131\u015f mekanlar\u0131n \u0131s\u0131tma ve so\u011futma ihtiyac\u0131n\u0131 kar\u015f\u0131lamak i\u00e7in kullan\u0131lan iklimlendirme ekipman\u0131n\u0131n hava transfer eleman\u0131d\u0131r.<br \/>\n\u2013 Lineer menfeze benzemesine ra\u011fmen uygulama alan\u0131n farkl\u0131l\u0131\u011f\u0131ndan dolay\u0131 mukavemeti \u00e7ok daha y\u00fcksek olup darbelere kar\u015f\u0131 dayan\u0131kl\u0131d\u0131r.<br \/>\n\u2013 \u0130ste\u011fe ba\u011fl\u0131 olarak damper tak\u0131larak reglaj yapma imkan\u0131 vard\u0131r.<br \/>\n\u2013 Yer Lineer menfezlerinin kasa ve kanatlar\u0131 al\u00fcminyumdan mam\u00fcl olup, 1. S\u0131n\u0131f al\u00fcminyum profil kullan\u0131lmaktad\u0131r.<\/p>\n<p>Kullan\u0131m Alanlar\u0131;<\/p>\n<p>\u2013 Al\u0131\u015fveri\u015f Merkezleri,<br \/>\n\u2013 Ofis ve \u00c7al\u0131\u015fma Alanlar\u0131<br \/>\n\u2013 Garaj ve Otopark Alanlar\u0131<br \/>\n\u2013 Hastane ve Hijyenik Alanlar<br \/>\n\u2013 Fabrika ve End\u00fcstriyel Tesisler<\/p>\n","protected":false},"excerpt":{"rendered":"<p>* HYLM : Yer Lineer Menfezi<\/p>\n<p>\u2013 Y\u00fckseltilmi\u015f d\u00f6\u015feme uygulamas\u0131 yap\u0131lm\u0131\u015f mekanlar\u0131n \u0131s\u0131tma ve so\u011futma ihtiyac\u0131n\u0131 kar\u015f\u0131lamak i\u00e7in kullan\u0131lan iklimlendirme ekipman\u0131n\u0131n hava transfer eleman\u0131d\u0131r.<br \/>\n\u2013 Lineer menfeze benzemesine ra\u011fmen uygulama alan\u0131n farkl\u0131l\u0131\u011f\u0131ndan dolay\u0131 mukavemeti \u00e7ok daha y\u00fcksek olup darbelere kar\u015f\u0131 dayan\u0131kl\u0131d\u0131r.<br \/>\n\u2013 \u0130ste\u011fe ba\u011fl\u0131 olarak damper tak\u0131larak reglaj yapma imkan\u0131 vard\u0131r.<br \/>\n\u2013 Yer Lineer menfezlerinin kasa ve kanatlar\u0131 al\u00fcminyumdan mam\u00fcl olup, 1. S\u0131n\u0131f al\u00fcminyum profil kullan\u0131lmaktad\u0131r.<\/p>\n<p>Kullan\u0131m Alanlar\u0131;<\/p>\n<p>\u2013 Al\u0131\u015fveri\u015f Merkezleri,<br \/>\n\u2013 Ofis ve \u00c7al\u0131\u015fma Alanlar\u0131<br \/>\n\u2013 Garaj ve Otopark Alanlar\u0131<br \/>\n\u2013 Hastane ve Hijyenik Alanlar<br \/>\n\u2013 Fabrika ve End\u00fcstriyel Tesisler<\/p>\n","protected":false},"featured_media":1340,"comment_status":"open","ping_status":"closed","template":"","meta":[],"product_cat":[87],"product_tag":[],"class_list":{"0":"post-1339","1":"product","2":"type-product","3":"status-publish","4":"has-post-thumbnail","6":"product_cat-damperler","8":"first","9":"instock","10":"shipping-taxable","11":"product-type-simple"},"_links":{"self":[{"href":"http:\/\/btrvent.com\/index.php?rest_route=\/wp\/v2\/product\/1339","targetHints":{"allow":["GET"]}}],"collection":[{"href":"http:\/\/btrvent.com\/index.php?rest_route=\/wp\/v2\/product"}],"about":[{"href":"http:\/\/btrvent.com\/index.php?rest_route=\/wp\/v2\/types\/product"}],"replies":[{"embeddable":true,"href":"http:\/\/btrvent.com\/index.php?rest_route=%2Fwp%2Fv2%2Fcomments&post=1339"}],"wp:featuredmedia":[{"embeddable":true,"href":"http:\/\/btrvent.com\/index.php?rest_route=\/wp\/v2\/media\/1340"}],"wp:attachment":[{"href":"http:\/\/btrvent.com\/index.php?rest_route=%2Fwp%2Fv2%2Fmedia&parent=1339"}],"wp:term":[{"taxonomy":"product_cat","embeddable":true,"href":"http:\/\/btrvent.com\/index.php?rest_route=%2Fwp%2Fv2%2Fproduct_cat&post=1339"},{"taxonomy":"product_tag","embeddable":true,"href":"http:\/\/btrvent.com\/index.php?rest_route=%2Fwp%2Fv2%2Fproduct_tag&post=1339"}],"curies":[{"name":"wp","href":"https:\/\/api.w.org\/{rel}","templated":true}]}}