{"id":1330,"date":"2022-04-19T08:55:14","date_gmt":"2022-04-19T08:55:14","guid":{"rendered":"http:\/\/btrvent.com\/?post_type=product&#038;p=1330"},"modified":"2022-04-19T10:56:10","modified_gmt":"2022-04-19T10:56:10","slug":"kapi-transfer-menfezi","status":"publish","type":"product","link":"http:\/\/btrvent.com\/?product=kapi-transfer-menfezi","title":{"rendered":"Kap\u0131 Transfer Menfezi"},"content":{"rendered":"<p>* HKTM : Kap\u0131 Transfer Menfezi<\/p>\n<p>\u2013 Kap\u0131 transnfer menfezi kom\u015fu mahaller aras\u0131nda do\u011fal hava sirk\u00fclasyonu sa\u011flamak amac\u0131yla kullan\u0131l\u0131r.<br \/>\n\u2013 \u00d6zel dizayn edilmi\u015f ters V kanat yap\u0131s\u0131 sayesinde \u00fcr\u00fcn\u00fcn arkas\u0131 g\u00f6r\u00fcnmezken, hava ge\u00e7i\u015fini engellemez.<br \/>\n\u2013 Kar\u015f\u0131 flan\u015fl\u0131 olmas\u0131ndan dolay\u0131 kap\u0131 \u00fczerinde her iki taraftan bak\u0131ld\u0131\u011f\u0131nda tek menfez g\u00f6r\u00fcnt\u00fcs\u00fc sa\u011flar.<br \/>\n\u2013 30 mm ile 70 mm aras\u0131 kal\u0131nl\u0131klardaki duvar ve kap\u0131lara uygulanabilir.<br \/>\n\u2013 Kap\u0131 Transfer Menfezlerinin kasa ve kanatlar\u0131 al\u00fcminyumdan mam\u00fcl olup, 1. S\u0131n\u0131f al\u00fcminyum profil kullan\u0131lmaktad\u0131r.<\/p>\n<p>Kullan\u0131m Alanlar\u0131;<\/p>\n<p>\u2013 Al\u0131\u015fveri\u015f Merkezleri,<br \/>\n\u2013 Ofis ve \u00c7al\u0131\u015fma Alanlar\u0131<br \/>\n\u2013 Garaj ve Otopark Alanlar\u0131<br \/>\n\u2013 Hastane ve Hijyenik Alanlar<br \/>\n\u2013 Fabrika ve End\u00fcstriyel Tesisler<\/p>\n","protected":false},"excerpt":{"rendered":"<p>* HKTM : Kap\u0131 Transfer Menfezi<\/p>\n<p>\u2013 Kap\u0131 transnfer menfezi kom\u015fu mahaller aras\u0131nda do\u011fal hava sirk\u00fclasyonu sa\u011flamak amac\u0131yla kullan\u0131l\u0131r.<br \/>\n\u2013 \u00d6zel dizayn edilmi\u015f ters V kanat yap\u0131s\u0131 sayesinde \u00fcr\u00fcn\u00fcn arkas\u0131 g\u00f6r\u00fcnmezken, hava ge\u00e7i\u015fini engellemez.<br \/>\n\u2013 Kar\u015f\u0131 flan\u015fl\u0131 olmas\u0131ndan dolay\u0131 kap\u0131 \u00fczerinde her iki taraftan bak\u0131ld\u0131\u011f\u0131nda tek menfez g\u00f6r\u00fcnt\u00fcs\u00fc sa\u011flar.<br \/>\n\u2013 30 mm ile 70 mm aras\u0131 kal\u0131nl\u0131klardaki duvar ve kap\u0131lara uygulanabilir.<br \/>\n\u2013 Kap\u0131 Transfer Menfezlerinin kasa ve kanatlar\u0131 al\u00fcminyumdan mam\u00fcl olup, 1. S\u0131n\u0131f al\u00fcminyum profil kullan\u0131lmaktad\u0131r.<\/p>\n<p>Kullan\u0131m Alanlar\u0131;<\/p>\n<p>\u2013 Al\u0131\u015fveri\u015f Merkezleri,<br \/>\n\u2013 Ofis ve \u00c7al\u0131\u015fma Alanlar\u0131<br \/>\n\u2013 Garaj ve Otopark Alanlar\u0131<br \/>\n\u2013 Hastane ve Hijyenik Alanlar<br \/>\n\u2013 Fabrika ve End\u00fcstriyel Tesisler<\/p>\n","protected":false},"featured_media":1331,"comment_status":"open","ping_status":"closed","template":"","meta":[],"product_cat":[87],"product_tag":[],"class_list":{"0":"post-1330","1":"product","2":"type-product","3":"status-publish","4":"has-post-thumbnail","6":"product_cat-damperler","8":"first","9":"instock","10":"shipping-taxable","11":"product-type-simple"},"_links":{"self":[{"href":"http:\/\/btrvent.com\/index.php?rest_route=\/wp\/v2\/product\/1330","targetHints":{"allow":["GET"]}}],"collection":[{"href":"http:\/\/btrvent.com\/index.php?rest_route=\/wp\/v2\/product"}],"about":[{"href":"http:\/\/btrvent.com\/index.php?rest_route=\/wp\/v2\/types\/product"}],"replies":[{"embeddable":true,"href":"http:\/\/btrvent.com\/index.php?rest_route=%2Fwp%2Fv2%2Fcomments&post=1330"}],"wp:featuredmedia":[{"embeddable":true,"href":"http:\/\/btrvent.com\/index.php?rest_route=\/wp\/v2\/media\/1331"}],"wp:attachment":[{"href":"http:\/\/btrvent.com\/index.php?rest_route=%2Fwp%2Fv2%2Fmedia&parent=1330"}],"wp:term":[{"taxonomy":"product_cat","embeddable":true,"href":"http:\/\/btrvent.com\/index.php?rest_route=%2Fwp%2Fv2%2Fproduct_cat&post=1330"},{"taxonomy":"product_tag","embeddable":true,"href":"http:\/\/btrvent.com\/index.php?rest_route=%2Fwp%2Fv2%2Fproduct_tag&post=1330"}],"curies":[{"name":"wp","href":"https:\/\/api.w.org\/{rel}","templated":true}]}}