{"id":1328,"date":"2022-04-19T08:51:26","date_gmt":"2022-04-19T08:51:26","guid":{"rendered":"http:\/\/btrvent.com\/?post_type=product&#038;p=1328"},"modified":"2022-04-19T10:56:05","modified_gmt":"2022-04-19T10:56:05","slug":"dairesel-kanal-menfezi","status":"publish","type":"product","link":"http:\/\/btrvent.com\/?product=dairesel-kanal-menfezi","title":{"rendered":"Dairesel Kanal Menfezi"},"content":{"rendered":"<p>* HDKM-S: \u00dcfleyici Tip Dairesel Kanal Menfezi.<br \/>\n* HDKM-R: Emici Tip Dairesel Kanal Menfezi.<\/p>\n<p>\u2013 Dairesel kanallarda emi\u015f ya da \u00fcfleme yapma amac\u0131yla kullan\u0131l\u0131r.<br \/>\n\u2013 \u0130ste\u011fe ba\u011fl\u0131 olarak teks\u0131ra kanatl\u0131 ya da \u00e7ifts\u0131ra kanatl\u0131 olarak imalat yap\u0131l\u0131r.<br \/>\n\u2013 \u0130stenilen kanal \u00e7ap\u0131na g\u00f6re menfeze rad\u00fcs verilip bu sayede kanala rahatl\u0131kla montaj olana\u011f\u0131 sa\u011flar.<br \/>\n\u2013 Hareketli kanatlar sayesinde havan\u0131n yatay ya da dikey at\u0131\u015f y\u00f6n\u00fc ayarlanabilir.<br \/>\n\u2013 \u0130ste\u011fe ba\u011fl\u0131 olarak damper tak\u0131larak reglaj yapma imkan\u0131 vard\u0131r.<br \/>\n\u2013 Dairesel Kanal menfezlerinin kasa ve kanatlar\u0131 al\u00fcminyumdan mam\u00fcl olup, 1. S\u0131n\u0131f al\u00fcminyum profil kullan\u0131lmaktad\u0131r.<br \/>\n\u2013 Menfez se\u00e7imi yap\u0131l\u0131rken kullan\u0131lacak menfezin y\u00fcksekli\u011fi, dairesel hava kanal\u0131n\u0131n yar\u0131 \u00e7ap\u0131n\u0131 ge\u00e7ememesine dikkat edilmelidir.<\/p>\n<p>Kullan\u0131m Alanlar\u0131;<\/p>\n<p>\u2013 Al\u0131\u015fveri\u015f Merkezleri,<br \/>\n\u2013 Ofis ve \u00c7al\u0131\u015fma Alanlar\u0131<br \/>\n\u2013 Garaj ve Otopark Alanlar\u0131<br \/>\n\u2013 Hastane ve Hijyenik Alanlar<br \/>\n\u2013 Fabrika ve End\u00fcstriyel Tesisler<\/p>\n","protected":false},"excerpt":{"rendered":"<p>* HDKM-S: \u00dcfleyici Tip Dairesel Kanal Menfezi.<br \/>\n* HDKM-R: Emici Tip Dairesel Kanal Menfezi.<\/p>\n<p>\u2013 Dairesel kanallarda emi\u015f ya da \u00fcfleme yapma amac\u0131yla kullan\u0131l\u0131r.<br \/>\n\u2013 \u0130ste\u011fe ba\u011fl\u0131 olarak teks\u0131ra kanatl\u0131 ya da \u00e7ifts\u0131ra kanatl\u0131 olarak imalat yap\u0131l\u0131r.<br \/>\n\u2013 \u0130stenilen kanal \u00e7ap\u0131na g\u00f6re menfeze rad\u00fcs verilip bu sayede kanala rahatl\u0131kla montaj olana\u011f\u0131 sa\u011flar.<br \/>\n\u2013 Hareketli kanatlar sayesinde havan\u0131n yatay ya da dikey at\u0131\u015f y\u00f6n\u00fc ayarlanabilir.<br \/>\n\u2013 \u0130ste\u011fe ba\u011fl\u0131 olarak damper tak\u0131larak reglaj yapma imkan\u0131 vard\u0131r.<br \/>\n\u2013 Dairesel Kanal menfezlerinin kasa ve kanatlar\u0131 al\u00fcminyumdan mam\u00fcl olup, 1. S\u0131n\u0131f al\u00fcminyum profil kullan\u0131lmaktad\u0131r.<br \/>\n\u2013 Menfez se\u00e7imi yap\u0131l\u0131rken kullan\u0131lacak menfezin y\u00fcksekli\u011fi, dairesel hava kanal\u0131n\u0131n yar\u0131 \u00e7ap\u0131n\u0131 ge\u00e7ememesine dikkat edilmelidir.<\/p>\n<p>Kullan\u0131m Alanlar\u0131;<\/p>\n<p>\u2013 Al\u0131\u015fveri\u015f Merkezleri,<br \/>\n\u2013 Ofis ve \u00c7al\u0131\u015fma Alanlar\u0131<br \/>\n\u2013 Garaj ve Otopark Alanlar\u0131<br \/>\n\u2013 Hastane ve Hijyenik Alanlar<br \/>\n\u2013 Fabrika ve End\u00fcstriyel Tesisler<\/p>\n","protected":false},"featured_media":1329,"comment_status":"open","ping_status":"closed","template":"","meta":[],"product_cat":[87],"product_tag":[],"class_list":{"0":"post-1328","1":"product","2":"type-product","3":"status-publish","4":"has-post-thumbnail","6":"product_cat-damperler","8":"first","9":"instock","10":"shipping-taxable","11":"product-type-simple"},"_links":{"self":[{"href":"http:\/\/btrvent.com\/index.php?rest_route=\/wp\/v2\/product\/1328","targetHints":{"allow":["GET"]}}],"collection":[{"href":"http:\/\/btrvent.com\/index.php?rest_route=\/wp\/v2\/product"}],"about":[{"href":"http:\/\/btrvent.com\/index.php?rest_route=\/wp\/v2\/types\/product"}],"replies":[{"embeddable":true,"href":"http:\/\/btrvent.com\/index.php?rest_route=%2Fwp%2Fv2%2Fcomments&post=1328"}],"wp:featuredmedia":[{"embeddable":true,"href":"http:\/\/btrvent.com\/index.php?rest_route=\/wp\/v2\/media\/1329"}],"wp:attachment":[{"href":"http:\/\/btrvent.com\/index.php?rest_route=%2Fwp%2Fv2%2Fmedia&parent=1328"}],"wp:term":[{"taxonomy":"product_cat","embeddable":true,"href":"http:\/\/btrvent.com\/index.php?rest_route=%2Fwp%2Fv2%2Fproduct_cat&post=1328"},{"taxonomy":"product_tag","embeddable":true,"href":"http:\/\/btrvent.com\/index.php?rest_route=%2Fwp%2Fv2%2Fproduct_tag&post=1328"}],"curies":[{"name":"wp","href":"https:\/\/api.w.org\/{rel}","templated":true}]}}