{"id":18,"date":"2018-09-25T04:45:06","date_gmt":"2018-09-25T04:45:06","guid":{"rendered":"http:\/\/demoapus-wp.com\/mella\/fashion\/?page_id=18"},"modified":"2022-06-21T15:03:52","modified_gmt":"2022-06-21T15:03:52","slug":"home","status":"publish","type":"page","link":"http:\/\/btrvent.com\/","title":{"rendered":"Anasayfa"},"content":{"rendered":"<p>[vc_row full_width=&#8221;stretch_row_content_no_spaces&#8221;][vc_column][vc_empty_space height=&#8221;100px&#8221;][vc_empty_space height=&#8221;20px&#8221;][vc_empty_space height=&#8221;20px&#8221;][\/vc_column][\/vc_row][vc_row full_width=&#8221;stretch_row_content_no_spaces&#8221;][vc_column width=&#8221;1\/4&#8243;][vc_empty_space height=&#8221;20px&#8221;][\/vc_column][vc_column width=&#8221;1\/2&#8243;][vc_empty_space height=&#8221;20px&#8221;][\/vc_column][vc_column width=&#8221;1\/4&#8243;][vc_empty_space height=&#8221;20px&#8221;][\/vc_column][\/vc_row][vc_row][vc_column width=&#8221;8\/12&#8243;][apus_banner style=&#8221;p_left&#8221; size=&#8221;f_small&#8221; align=&#8221;a_left&#8221; url=&#8221;#&#8221; title=&#8221;&#8221; text_url=&#8221;T\u00fcm\u00fc i\u00e7in&#8221; image=&#8221;1441&#8243;]Hava Damperi[\/apus_banner][\/vc_column][vc_column width=&#8221;4\/12&#8243;][apus_banner style=&#8221;p_left&#8221; size=&#8221;f_small&#8221; align=&#8221;a_left&#8221; image=&#8221;1445&#8243; text_url=&#8221;T\u00fcm\u00fc i\u00e7in&#8221; url=&#8221;#&#8221;]Kap\u0131 Transfer Merkezi[\/apus_banner][\/vc_column][\/vc_row][vc_row][vc_column offset=&#8221;vc_hidden-xs&#8221;][vc_empty_space height=&#8221;30px&#8221;][\/vc_column][\/vc_row][vc_row][vc_column width=&#8221;4\/12&#8243;][apus_banner style=&#8221;p_left&#8221; size=&#8221;f_small&#8221; align=&#8221;a_left&#8221; title=&#8221;30ff&#8221; image=&#8221;1447&#8243; url=&#8221;#&#8221; text_url=&#8221;T\u00fcm\u00fc i\u00e7in&#8221;]Anemostat[\/apus_banner][vc_empty_space height=&#8221;30px&#8221; el_class=&#8221;hidden-xs&#8221;][apus_banner style=&#8221;p_left&#8221; size=&#8221;f_small&#8221; align=&#8221;a_left&#8221; title=&#8221;30ff&#8221; image=&#8221;1450&#8243; url=&#8221;#&#8221; text_url=&#8221;T\u00fcm\u00fc i\u00e7in&#8221;]Lif Tutucu Menfez[\/apus_banner][\/vc_column][vc_column width=&#8221;8\/12&#8243;][apus_banner style=&#8221;p_left&#8221; size=&#8221;f_small&#8221; align=&#8221;a_left&#8221; image=&#8221;1455&#8243; url=&#8221;#&#8221; text_url=&#8221;T\u00fcm\u00fc i\u00e7in&#8221;]Yang\u0131n Damperi[\/apus_banner][\/vc_column][\/vc_row][vc_row][vc_column width=&#8221;8\/12&#8243;][vc_empty_space height=&#8221;30px&#8221; el_class=&#8221;hidden-xs&#8221;][apus_banner style=&#8221;p_left&#8221; size=&#8221;f_small&#8221; align=&#8221;a_left&#8221; url=&#8221;#&#8221; title=&#8221;&#8221; text_url=&#8221;T\u00fcm\u00fc i\u00e7in&#8221; image=&#8221;1458&#8243;]Plenum Box[\/apus_banner][\/vc_column][vc_column width=&#8221;4\/12&#8243;][vc_empty_space height=&#8221;30px&#8221; el_class=&#8221;hidden-xs&#8221;][apus_banner style=&#8221;p_left&#8221; size=&#8221;f_small&#8221; align=&#8221;a_left&#8221; image=&#8221;1464&#8243; url=&#8221;#&#8221; text_url=&#8221;T\u00fcm\u00fc i\u00e7in&#8221;]Dairesel Kanatl\u0131 Menfez[\/apus_banner][\/vc_column][\/vc_row][vc_row][vc_column offset=&#8221;vc_hidden-md vc_hidden-sm vc_hidden-xs&#8221;][vc_custom_heading text=&#8221;\u00dcr\u00fcn Gruplar\u0131m\u0131z Nerede Nas\u0131l Kullan\u0131l\u0131yor?&#8221; font_container=&#8221;tag:h2|text_align:center&#8221; google_fonts=&#8221;font_family:Duru%20Sans%3Aregular|font_style:400%20regular%3A400%3Anormal&#8221;][vc_single_image image=&#8221;1487&#8243; img_size=&#8221;1170&#215;800&#8243; alignment=&#8221;center&#8221;][vc_empty_space height=&#8221;65px&#8221;][\/vc_column][\/vc_row][vc_row full_width=&#8221;stretch_row&#8221; css=&#8221;.vc_custom_1537925455459{background-color: #f1f1f1 !important;}&#8221;][vc_column css_animation=&#8221;none&#8221; width=&#8221;1\/2&#8243;][vc_empty_space height=&#8221;90px&#8221; el_class=&#8221;hidden-sm hidden-xs&#8221;][vc_empty_space height=&#8221;90px&#8221; el_class=&#8221;hidden-sm hidden-xs&#8221;][vc_custom_heading text=&#8221;%40&#8217;a varan&#8221; font_container=&#8221;tag:h1|font_size:85px|text_align:left|color:%23dd3333&#8243; google_fonts=&#8221;font_family:Convergence%3Aregular|font_style:400%20regular%3A400%3Anormal&#8221;][vc_empty_space height=&#8221;30px&#8221; el_class=&#8221;hidden-xs&#8221;][vc_empty_space height=&#8221;30px&#8221; el_class=&#8221;hidden-xs&#8221;][vc_custom_heading text=&#8221;Enerji geri kazan\u0131m\u0131&#8221; font_container=&#8221;tag:h1|text_align:left&#8221; google_fonts=&#8221;font_family:Convergence%3Aregular|font_style:400%20regular%3A400%3Anormal&#8221;][vc_empty_space height=&#8221;30px&#8221; el_class=&#8221;hidden-xs&#8221;][vc_empty_space height=&#8221;30px&#8221; el_class=&#8221;hidden-sm hidden-xs&#8221;][vc_empty_space height=&#8221;90px&#8221; el_class=&#8221;hidden-md hidden-sm hidden-xs&#8221;][\/vc_column][vc_column width=&#8221;1\/2&#8243; offset=&#8221;vc_hidden-xs&#8221;][\/vc_column][\/vc_row][vc_row full_width=&#8221;stretch_row_content&#8221; el_class=&#8221;percent-top-100&#8243;][vc_column css_animation=&#8221;none&#8221; offset=&#8221;vc_hidden-xs&#8221;][vc_row_inner][vc_column_inner width=&#8221;1\/2&#8243;][\/vc_column_inner][vc_column_inner width=&#8221;1\/2&#8243;][vc_empty_space height=&#8221;45px&#8221; el_class=&#8221;hidden-sm hidden-xs&#8221;][vc_empty_space height=&#8221;45px&#8221; el_class=&#8221;hidden-sm hidden-xs&#8221;][vc_empty_space height=&#8221;45px&#8221; el_class=&#8221;hidden-sm hidden-xs&#8221;][vc_empty_space height=&#8221;45px&#8221; el_class=&#8221;hidden-md hidden-sm hidden-xs&#8221;][vc_single_image image=&#8221;1279&#8243; img_size=&#8221;full&#8221; css=&#8221;.vc_custom_1633950882927{margin-bottom: 0px !important;}&#8221;][\/vc_column_inner][\/vc_row_inner][\/vc_column][\/vc_row][vc_row][vc_column][vc_empty_space height=&#8221;70px&#8221; el_class=&#8221;hidden-md hidden-sm hidden-xs&#8221;][\/vc_column][\/vc_row][vc_row content_placement=&#8221;top&#8221;][vc_column width=&#8221;1\/3&#8243;][apus_custom_menu nav_menu=&#8221;footer-menu&#8221; align=&#8221;left&#8221;][\/vc_column][vc_column width=&#8221;1\/3&#8243;][vc_single_image image=&#8221;1237&#8243; img_size=&#8221;full&#8221; alignment=&#8221;center&#8221;][\/vc_column][vc_column width=&#8221;1\/3&#8243;][vc_gmaps link=&#8221;#E-8_JTNDaWZyYW1lJTIwc3JjJTNEJTIyaHR0cHMlM0ElMkYlMkZ3d3cuZ29vZ2xlLmNvbSUyRm1hcHMlMkZlbWJlZCUzRnBiJTNEJTIxMW0xNCUyMTFtOCUyMTFtMyUyMTFkMTI3MzUuMzQxMTczODY2ODQyJTIxMmQzNy40NDQ0NjklMjEzZDM3LjA2MTQwOCUyMTNtMiUyMTFpMTAyNCUyMTJpNzY4JTIxNGYxMy4xJTIxM20zJTIxMW0yJTIxMXMweDAlMjUzQTB4NjE4NTFjNWY0OTg3OWNhMCUyMTJzQkVSRUtFVCUyNTIwSEFWQUxBTkRJUk1BJTI1MjBMVEQuJTI1QzUlMjU5RVQlMjVDNCUyNUIwLiUyMTVlMCUyMTNtMiUyMTFzdHIlMjEyc3RyJTIxNHYxNjUwNzM2ODk1ODEwJTIxNW0yJTIxMXN0ciUyMTJzdHIlMjIlMjB3aWR0aCUzRCUyMjMwMCUyMiUyMGhlaWdodCUzRCUyMjIwMCUyMiUyMHN0eWxlJTNEJTIyYm9yZGVyJTNBMCUzQiUyMiUyMGFsbG93ZnVsbHNjcmVlbiUzRCUyMiUyMiUyMGxvYWRpbmclM0QlMjJsYXp5JTIyJTIwcmVmZXJyZXJwb2xpY3klM0QlMjJuby1yZWZlcnJlci13aGVuLWRvd25ncmFkZSUyMiUzRSUzQyUyRmlmcmFtZSUzRQ==&#8221;][\/vc_column][\/vc_row]<\/p>\n","protected":false},"excerpt":{"rendered":"<p>[vc_row full_width=&#8221;stretch_row_content_no_spaces&#8221;][vc_column][vc_empty_space height=&#8221;100px&#8221;][vc_empty_space height=&#8221;20px&#8221;][vc_empty_space height=&#8221;20px&#8221;][\/vc_column][\/vc_row][vc_row full_width=&#8221;stretch_row_content_no_spaces&#8221;][vc_column width=&#8221;1\/4&#8243;][vc_empty_space height=&#8221;20px&#8221;][\/vc_column][vc_column width=&#8221;1\/2&#8243;][vc_empty_space height=&#8221;20px&#8221;][\/vc_column][vc_column width=&#8221;1\/4&#8243;][vc_empty_space height=&#8221;20px&#8221;][\/vc_column][\/vc_row][vc_row][vc_column width=&#8221;8\/12&#8243;][apus_banner style=&#8221;p_left&#8221; size=&#8221;f_small&#8221; align=&#8221;a_left&#8221; url=&#8221;#&#8221; title=&#8221;&#8221; text_url=&#8221;T\u00fcm\u00fc i\u00e7in&#8221; image=&#8221;1441&#8243;]Hava Damperi[\/apus_banner][\/vc_column][vc_column width=&#8221;4\/12&#8243;][apus_banner style=&#8221;p_left&#8221; size=&#8221;f_small&#8221; align=&#8221;a_left&#8221; image=&#8221;1445&#8243; text_url=&#8221;T\u00fcm\u00fc i\u00e7in&#8221; url=&#8221;#&#8221;]Kap\u0131 Transfer Merkezi[\/apus_banner][\/vc_column][\/vc_row][vc_row][vc_column offset=&#8221;vc_hidden-xs&#8221;][vc_empty_space height=&#8221;30px&#8221;][\/vc_column][\/vc_row][vc_row][vc_column width=&#8221;4\/12&#8243;][apus_banner style=&#8221;p_left&#8221; size=&#8221;f_small&#8221; align=&#8221;a_left&#8221; title=&#8221;30ff&#8221; image=&#8221;1447&#8243; url=&#8221;#&#8221; text_url=&#8221;T\u00fcm\u00fc i\u00e7in&#8221;]Anemostat[\/apus_banner][vc_empty_space height=&#8221;30px&#8221; el_class=&#8221;hidden-xs&#8221;][apus_banner style=&#8221;p_left&#8221; size=&#8221;f_small&#8221; align=&#8221;a_left&#8221; title=&#8221;30ff&#8221; image=&#8221;1450&#8243; url=&#8221;#&#8221; text_url=&#8221;T\u00fcm\u00fc i\u00e7in&#8221;]Lif Tutucu Menfez[\/apus_banner][\/vc_column][vc_column &hellip; <a href=\"http:\/\/btrvent.com\/\" class=\"more-link\">Continue reading <span class=\"screen-reader-text\">Anasayfa<\/span><\/a><\/p>\n","protected":false},"author":1,"featured_media":0,"parent":0,"menu_order":0,"comment_status":"closed","ping_status":"closed","template":"","meta":{"footnotes":""},"class_list":["post-18","page","type-page","status-publish","hentry"],"_links":{"self":[{"href":"http:\/\/btrvent.com\/index.php?rest_route=\/wp\/v2\/pages\/18","targetHints":{"allow":["GET"]}}],"collection":[{"href":"http:\/\/btrvent.com\/index.php?rest_route=\/wp\/v2\/pages"}],"about":[{"href":"http:\/\/btrvent.com\/index.php?rest_route=\/wp\/v2\/types\/page"}],"author":[{"embeddable":true,"href":"http:\/\/btrvent.com\/index.php?rest_route=\/wp\/v2\/users\/1"}],"replies":[{"embeddable":true,"href":"http:\/\/btrvent.com\/index.php?rest_route=%2Fwp%2Fv2%2Fcomments&post=18"}],"version-history":[{"count":79,"href":"http:\/\/btrvent.com\/index.php?rest_route=\/wp\/v2\/pages\/18\/revisions"}],"predecessor-version":[{"id":1492,"href":"http:\/\/btrvent.com\/index.php?rest_route=\/wp\/v2\/pages\/18\/revisions\/1492"}],"wp:attachment":[{"href":"http:\/\/btrvent.com\/index.php?rest_route=%2Fwp%2Fv2%2Fmedia&parent=18"}],"curies":[{"name":"wp","href":"https:\/\/api.w.org\/{rel}","templated":true}]}}