{"id":1199,"date":"2018-09-25T04:43:33","date_gmt":"2018-09-25T04:43:33","guid":{"rendered":"http:\/\/demoapus-wp.com\/mella\/fashion\/?page_id=12"},"modified":"2022-06-22T13:24:25","modified_gmt":"2022-06-22T13:24:25","slug":"about-us","status":"publish","type":"page","link":"http:\/\/btrvent.com\/?page_id=1199","title":{"rendered":"Hakk\u0131m\u0131zda"},"content":{"rendered":"<p>[vc_row][vc_column][vc_column_text]<\/p>\n<div class=\"heading-small f-medium\" style=\"text-align: center;\">Kalite Anlay\u0131\u015f\u0131m\u0131z<\/div>\n<p>[\/vc_column_text][\/vc_column][\/vc_row][vc_row][vc_column width=&#8221;1\/12&#8243; offset=&#8221;vc_col-lg-2 vc_hidden-md vc_hidden-sm vc_hidden-xs&#8221;][\/vc_column][vc_column offset=&#8221;vc_col-lg-8 vc_col-md-12&#8243;][vc_column_text]<\/p>\n<div class=\"f-16\" style=\"text-align: center;\">\n<p>\u00dcretim kalitesini\u00a0 her ge\u00e7en g\u00fcn artt\u0131ran Bereket Havaland\u0131rma, AR-GE \u00e7al\u0131\u015fmalar\u0131 ve yeni yat\u0131r\u0131mlar ile \u00fcr\u00fcn yelpazesine her ge\u00e7en g\u00fcn artt\u0131rmaktad\u0131r. Bereket Havaland\u0131rma, ISO 9001, CE, TSEK, T\u00dcV belgeleri gibi bir \u00e7ok kalite belgesine sahiptir<\/p>\n<p><span class=\"textsmll\">\u00dcretimde kalite anlay\u0131\u015f\u0131n\u0131 2007 y\u0131l\u0131nda ald\u0131\u011f\u0131 Kalite Y\u00f6netim Sertifikas\u0131 ISO-9001:2000 ile peki\u015ftirerek, alan\u0131nda T\u00fcrkiye\u2019nin \u00f6nde gelen se\u00e7kin klima \u00fcreticilerinden birisi konumuna gelen Bereket Havaland\u0131rma \u201cKalite, Hizmet, Fiyat ve G\u00fcven\u201d temel prensipleri ile \u015fekillendirdi\u011fi vizyonuyla yar\u0131n\u0131n ihtiya\u00e7lar\u0131na bug\u00fcnden \u00e7\u00f6z\u00fcm \u00fcretmeye devam ediyor.<\/span><\/p>\n<\/div>\n<p>[\/vc_column_text][\/vc_column][vc_column width=&#8221;1\/12&#8243; offset=&#8221;vc_col-lg-2 vc_hidden-md vc_hidden-sm vc_hidden-xs&#8221;][\/vc_column][\/vc_row][vc_row][vc_column][vc_column_text]<\/p>\n<div class=\"heading-small f-medium\" style=\"text-align: center;\">\n<h4 class=\"rt_heading style-1\">Vizyon<\/h4>\n<\/div>\n<p>[\/vc_column_text][\/vc_column][\/vc_row][vc_row][vc_column width=&#8221;1\/12&#8243; offset=&#8221;vc_col-lg-2 vc_hidden-md vc_hidden-sm vc_hidden-xs&#8221;][\/vc_column][vc_column offset=&#8221;vc_col-lg-8 vc_col-md-12&#8243;][vc_column_text]<\/p>\n<div class=\"f-16\" style=\"text-align: center;\">\n<div class=\"wpb_text_column wpb_content_element \">\n<div class=\"wpb_wrapper\">\n<p>Yenilik\u00e7i ve geli\u015fimci \u00e7al\u0131\u015fmalara her ge\u00e7en g\u00fcn daha fazla de\u011fer katarak, fark olu\u015fturmak ve \u00f6nc\u00fc olmak.<\/p>\n<\/div>\n<\/div>\n<div class=\"rt_heading_wrapper style-1\"><\/div>\n<\/div>\n<p>[\/vc_column_text][\/vc_column][vc_column width=&#8221;1\/12&#8243; offset=&#8221;vc_col-lg-2 vc_hidden-md vc_hidden-sm vc_hidden-xs&#8221;][\/vc_column][\/vc_row][vc_row][vc_column][vc_column_text]<\/p>\n<div class=\"heading-small f-medium\" style=\"text-align: center;\">\n<h4 class=\"rt_heading style-1\">Misyon<\/h4>\n<\/div>\n<p>[\/vc_column_text][\/vc_column][\/vc_row][vc_row][vc_column width=&#8221;1\/12&#8243; offset=&#8221;vc_col-lg-2 vc_hidden-md vc_hidden-sm vc_hidden-xs&#8221;][\/vc_column][vc_column offset=&#8221;vc_col-lg-8 vc_col-md-12&#8243;][vc_column_text]<\/p>\n<div class=\"f-16\" style=\"text-align: center;\">\n<div class=\"wpb_text_column wpb_content_element \">\n<div class=\"wpb_wrapper\">\n<p>Olu\u015fturdu\u011fumuz fark\u0131ndal\u0131klar ile de\u011ferli personelimize, m\u00fc\u015fterilerimize, topluma ve \u00e7evreye katt\u0131\u011f\u0131m\u0131z de\u011feri s\u00fcrekli ve aktif bi\u00e7imde art\u0131rmak.<\/p>\n<\/div>\n<\/div>\n<\/div>\n<p>[\/vc_column_text][\/vc_column][vc_column width=&#8221;1\/12&#8243; offset=&#8221;vc_col-lg-2 vc_hidden-md vc_hidden-sm vc_hidden-xs&#8221;][\/vc_column][\/vc_row][vc_row][vc_column][vc_empty_space height=&#8221;30px&#8221; el_class=&#8221;hidden-sm hidden-md hidden-xs&#8221;][apus_brands number=&#8221;6&#8243; layout_type=&#8221;carousel&#8221; columns=&#8221;6&#8243;][vc_empty_space height=&#8221;30px&#8221;][\/vc_column][\/vc_row][vc_row][vc_column width=&#8221;1\/3&#8243;][vc_single_image image=&#8221;1496&#8243; img_size=&#8221;full&#8221; onclick=&#8221;custom_link&#8221; link=&#8221;http:\/\/www.berekethavalandirma.com\/&#8221;][\/vc_column][vc_column width=&#8221;1\/3&#8243;][vc_single_image image=&#8221;1500&#8243; img_size=&#8221;full&#8221;][\/vc_column][vc_column width=&#8221;1\/3&#8243;][vc_single_image image=&#8221;1497&#8243; img_size=&#8221;full&#8221; onclick=&#8221;custom_link&#8221; link=&#8221;http:\/\/bair.com.tr\/&#8221;][\/vc_column][\/vc_row]<\/p>\n","protected":false},"excerpt":{"rendered":"<p>[vc_row][vc_column][vc_column_text] Kalite Anlay\u0131\u015f\u0131m\u0131z [\/vc_column_text][\/vc_column][\/vc_row][vc_row][vc_column width=&#8221;1\/12&#8243; offset=&#8221;vc_col-lg-2 vc_hidden-md vc_hidden-sm vc_hidden-xs&#8221;][\/vc_column][vc_column offset=&#8221;vc_col-lg-8 vc_col-md-12&#8243;][vc_column_text] \u00dcretim kalitesini\u00a0 her ge\u00e7en g\u00fcn artt\u0131ran Bereket Havaland\u0131rma, AR-GE \u00e7al\u0131\u015fmalar\u0131 ve yeni yat\u0131r\u0131mlar ile \u00fcr\u00fcn yelpazesine her ge\u00e7en g\u00fcn artt\u0131rmaktad\u0131r. Bereket Havaland\u0131rma, ISO 9001, CE, TSEK, T\u00dcV belgeleri gibi bir \u00e7ok kalite belgesine sahiptir \u00dcretimde kalite anlay\u0131\u015f\u0131n\u0131 2007 y\u0131l\u0131nda ald\u0131\u011f\u0131 Kalite Y\u00f6netim Sertifikas\u0131 ISO-9001:2000 &hellip; <a href=\"http:\/\/btrvent.com\/?page_id=1199\" class=\"more-link\">Continue reading <span class=\"screen-reader-text\">Hakk\u0131m\u0131zda<\/span><\/a><\/p>\n","protected":false},"author":1,"featured_media":0,"parent":0,"menu_order":0,"comment_status":"closed","ping_status":"closed","template":"","meta":{"footnotes":""},"class_list":["post-1199","page","type-page","status-publish","hentry"],"_links":{"self":[{"href":"http:\/\/btrvent.com\/index.php?rest_route=\/wp\/v2\/pages\/1199","targetHints":{"allow":["GET"]}}],"collection":[{"href":"http:\/\/btrvent.com\/index.php?rest_route=\/wp\/v2\/pages"}],"about":[{"href":"http:\/\/btrvent.com\/index.php?rest_route=\/wp\/v2\/types\/page"}],"author":[{"embeddable":true,"href":"http:\/\/btrvent.com\/index.php?rest_route=\/wp\/v2\/users\/1"}],"replies":[{"embeddable":true,"href":"http:\/\/btrvent.com\/index.php?rest_route=%2Fwp%2Fv2%2Fcomments&post=1199"}],"version-history":[{"count":15,"href":"http:\/\/btrvent.com\/index.php?rest_route=\/wp\/v2\/pages\/1199\/revisions"}],"predecessor-version":[{"id":1507,"href":"http:\/\/btrvent.com\/index.php?rest_route=\/wp\/v2\/pages\/1199\/revisions\/1507"}],"wp:attachment":[{"href":"http:\/\/btrvent.com\/index.php?rest_route=%2Fwp%2Fv2%2Fmedia&parent=1199"}],"curies":[{"name":"wp","href":"https:\/\/api.w.org\/{rel}","templated":true}]}}